{"id":2,"date":"2023-05-12T18:19:37","date_gmt":"2023-05-12T16:19:37","guid":{"rendered":"http:\/\/francoislewandrowski.art\/?page_id=2"},"modified":"2023-05-15T09:32:38","modified_gmt":"2023-05-15T07:32:38","slug":"page-d-exemple","status":"publish","type":"page","link":"https:\/\/francoislewandrowski.art\/","title":{"rendered":"Fran\u00e7ois Lewandrowski"},"content":{"rendered":"<div class=\"wp-block-image\">\n<figure class=\"aligncenter size-full\"><img loading=\"lazy\" decoding=\"async\" width=\"768\" height=\"298\" src=\"https:\/\/francoislewandrowski.art\/wp-content\/uploads\/2023\/05\/marines2004-francois-lewandrowski-artiste-peintre.webp\" alt=\"\" class=\"wp-image-14\" srcset=\"https:\/\/francoislewandrowski.art\/wp-content\/uploads\/2023\/05\/marines2004-francois-lewandrowski-artiste-peintre.webp 768w, https:\/\/francoislewandrowski.art\/wp-content\/uploads\/2023\/05\/marines2004-francois-lewandrowski-artiste-peintre-300x116.webp 300w\" sizes=\"auto, (max-width: 768px) 100vw, 768px\" \/><\/figure>\n<\/div>\n\n\n<p>Deux mille quatre une date comme une autre non pas vraiment<\/p>\n\n\n\n<p>une exposition<\/p>\n\n\n\n<p>organis\u00e9e \u00e0 Uz\u00e8s au sein de l\u2019h\u00f4tel des consuls.<\/p>\n\n\n\n<p>Pourquoi cette lumi\u00e8re?<\/p>\n\n\n\n<p>La d\u00e9pression vive ce moment?<\/p>\n\n\n\n<p>Une d\u00e9couverte qui \u00e9claire?<\/p>\n\n\n\n<p>La lumi\u00e8re est venue d\u2019une nouvelle activit\u00e9?<\/p>\n\n\n\n<p>B\u00e9n\u00e9vole parce que incapable d\u2019envisager<\/p>\n\n\n\n<p>un \u00e9change d\u2019argent<\/p>\n\n\n\n<p>avec un travail<\/p>\n\n\n\n<p>juste l\u2019activit\u00e9<\/p>\n\n\n\n<p>je vais r\u00e9fl\u00e9chir encore comment traduire les pens\u00e9es qui m\u2019assaillent et veulent \u00eatre mise en avant le soucis est de savoir si cela<\/p>\n\n\n\n<p>est int\u00e9ressant<\/p>\n\n\n\n<p>mais en posant cette question je prends conscience de la complexit\u00e9 de l\u2019utilisation du clavier et du&nbsp; partage de ces pens\u00e9es je vais partir dans l\u2019Aubrac bient\u00f4t c\u2019est d\u00e9cid\u00e9<\/p>\n\n\n\n<p>deux mille dix Neuf sera dans le Cantal<\/p>\n\n\n\n<p>face \u00e0 une solitude relative mais<\/p>\n\n\n\n<p>pr\u00e9sente et recherch\u00e9e afin d\u2019en mesurer les effets<\/p>\n\n\n\n<p>sur la peinture le dessin et quelques essais \u00e0 l\u2019\u00e9criture mes relations avec l\u2019autre me permettant d\u2019appr\u00e9hender la d\u00e9sertification de l\u2019entourage avec s\u00e9r\u00e9nit\u00e9 les quelques rencontres en ces nouvelles contr\u00e9es laissent pr\u00e9sager de multiples possibilit\u00e9s de nouveaux contacts riches alors<\/p>\n\n\n\n<p>passer \u00e0 une autre vitesse de vie<\/p>\n\n\n\n<p>peser le poids<\/p>\n\n\n\n<p>du trait<\/p>\n\n\n\n<p>du pinceau<\/p>\n\n\n\n<p>du mot<\/p>\n\n\n\n<p>avant de les poser ou bien simplement les laisser jaillir et en mesurer consciencieusement l\u2019apport sur la feuille la toile l\u2019\u00e9cran j\u2019esp\u00e8re en la solitude pour enrichir ces<\/p>\n\n\n\n<p>r\u00e9flexions et le r\u00e9sultat<\/p>\n\n\n\n<p>avec impatience le d\u00e9part s\u2019approche vers les paysages blancs en cette saison<\/p>\n\n\n\n<p>PS:&nbsp;&nbsp; \u00e0 ceux que je c\u00f4toie presque quotidiennement vous allez me manquer mais je ne serai pas si loin et vous viendrez d\u00e9couvrir<\/p>\n","protected":false},"excerpt":{"rendered":"<p>Deux mille quatre une date comme une autre non pas vraiment une exposition organis\u00e9e \u00e0 Uz\u00e8s au sein de l\u2019h\u00f4tel des consuls. Pourquoi cette lumi\u00e8re? La d\u00e9pression vive ce moment? Une d\u00e9couverte qui \u00e9claire? La lumi\u00e8re est venue d\u2019une nouvelle activit\u00e9? B\u00e9n\u00e9vole parce que incapable d\u2019envisager un \u00e9change d\u2019argent avec un travail juste l\u2019activit\u00e9 je [&hellip;]<\/p>\n","protected":false},"author":1,"featured_media":0,"parent":0,"menu_order":0,"comment_status":"closed","ping_status":"open","template":"","meta":{"footnotes":""},"class_list":["post-2","page","type-page","status-publish","hentry"],"_links":{"self":[{"href":"https:\/\/francoislewandrowski.art\/index.php?rest_route=\/wp\/v2\/pages\/2","targetHints":{"allow":["GET"]}}],"collection":[{"href":"https:\/\/francoislewandrowski.art\/index.php?rest_route=\/wp\/v2\/pages"}],"about":[{"href":"https:\/\/francoislewandrowski.art\/index.php?rest_route=\/wp\/v2\/types\/page"}],"author":[{"embeddable":true,"href":"https:\/\/francoislewandrowski.art\/index.php?rest_route=\/wp\/v2\/users\/1"}],"replies":[{"embeddable":true,"href":"https:\/\/francoislewandrowski.art\/index.php?rest_route=%2Fwp%2Fv2%2Fcomments&post=2"}],"version-history":[{"count":2,"href":"https:\/\/francoislewandrowski.art\/index.php?rest_route=\/wp\/v2\/pages\/2\/revisions"}],"predecessor-version":[{"id":15,"href":"https:\/\/francoislewandrowski.art\/index.php?rest_route=\/wp\/v2\/pages\/2\/revisions\/15"}],"wp:attachment":[{"href":"https:\/\/francoislewandrowski.art\/index.php?rest_route=%2Fwp%2Fv2%2Fmedia&parent=2"}],"curies":[{"name":"wp","href":"https:\/\/api.w.org\/{rel}","templated":true}]}}